{"id":98,"date":"2023-03-30T09:41:22","date_gmt":"2023-03-30T06:41:22","guid":{"rendered":"https:\/\/trailtourfinland.fi\/?page_id=98"},"modified":"2025-03-19T18:07:15","modified_gmt":"2025-03-19T16:07:15","slug":"trail-tour-finland","status":"publish","type":"page","link":"https:\/\/trailtourfinland.fi\/fi\/trail-tour-finland\/","title":{"rendered":"Trail Tour Finland \u2013 TTF"},"content":{"rendered":"\n<p>Trail Tour Finland on kahdeksan upean suomalaisen polkujuoksukisan sarja, jonka yhteistulosten perusteella kruunataan vuosittain kauden suomalaiset polkujuoksusankarit.<\/p>\n\n\n\n<p>Yhteist\u00e4 kaikille osakisoille on haastavan urheilusuorituksen ja el\u00e4myksellisyyden yhdistelm\u00e4. Reitit kulkevat mahtavissa maisemissa kansallispuistoissa ja suosituilla ulkoilualueilla. Tapahtumat ovat my\u00f6s hyvi\u00e4 tilaisuuksia tutustua muihin harrastajiin. Samaa vauhtia etenevien kilpakumppanien kanssa ehtii jutustella jo juostessa, ja itse juoksusuorituksen lis\u00e4ksi tapahtumat tarjoavat my\u00f6s muuta ohjelmaa.<\/p>\n\n\n\n<h3 class=\"wp-block-heading\">Bodom Trail 21 km<\/h3>\n\n\n\n<p><a href=\"https:\/\/bodomtrail.com\/\" target=\"_blank\" rel=\"noreferrer noopener\">Bodom Trail 21km<\/a><\/p>\n\n\n\n<h3 class=\"wp-block-heading\">NUTS Karhunkierros 55 km<\/h3>\n\n\n\n<p><a href=\"https:\/\/nutskarhunkierros.fi\/fi\/races\/53-km\/\" target=\"_blank\" rel=\"noreferrer noopener\">NUTS Karhunkierros 55km<\/a><\/p>\n\n\n\n<h3 class=\"wp-block-heading\">NUTS Sy\u00f6te 25 km<\/h3>\n\n\n\n<p><a href=\"https:\/\/nutssyote.fi\/fi\/\">NUTS Sy\u00f6te 25km<\/a><\/p>\n\n\n\n<h3 class=\"wp-block-heading\">NUTS Yll\u00e4s-Pallas 37 km<\/h3>\n\n\n\n<p><a href=\"https:\/\/nutsyllaspallas.com\/fi\/\" target=\"_blank\" rel=\"noreferrer noopener\">NUTS Yll\u00e4s-Pallas<\/a><\/p>\n\n\n\n<h3 class=\"wp-block-heading\">NUTS&nbsp; PYh\u00e4 21 km<\/h3>\n\n\n\n<p><a href=\"https:\/\/nutspyha.fi\/fi\/\" target=\"_blank\" rel=\"noreferrer noopener\">NUTS Pyh\u00e4<\/a><\/p>\n\n\n\n<h3 class=\"wp-block-heading\">Nuuksio Classic 42 km<\/h3>\n\n\n\n<p><a href=\"https:\/\/nuuksioclassic.com\/\" target=\"_blank\" rel=\"noreferrer noopener\">Nuuksio Classic<\/a><\/p>\n\n\n\n<h3 class=\"wp-block-heading\">Aulanko Tower Trail 22 km<\/h3>\n\n\n\n<p><a href=\"https:\/\/www.aulankotowertrail.fi\/\" target=\"_blank\" rel=\"noreferrer noopener\">Aulanko Tower Trail<\/a><\/p>\n\n\n\n<h3 class=\"wp-block-heading\">Vaarojen Maraton 43 km<\/h3>\n\n\n\n<p><a href=\"https:\/\/vaarojenmaraton.fi\/\" target=\"_blank\" rel=\"noreferrer noopener\">Vaarojen Maraton<\/a><\/p>\n\n\n\n<p><\/p>\n","protected":false},"excerpt":{"rendered":"<p>Trail Tour Finland on kahdeksan upean suomalaisen polkujuoksukisan sarja, jonka yhteistulosten perusteella kruunataan vuosittain kauden suomalaiset polkujuoksusankarit. Yhteist\u00e4 kaikille osakisoille on haastavan urheilusuorituksen ja el\u00e4myksellisyyden yhdistelm\u00e4. Reitit kulkevat mahtavissa maisemissa kansallispuistoissa ja suosituilla ulkoilualueilla. Tapahtumat ovat my\u00f6s hyvi\u00e4 tilaisuuksia tutustua muihin harrastajiin. Samaa vauhtia etenevien kilpakumppanien kanssa ehtii jutustella jo juostessa, ja itse juoksusuorituksen lis\u00e4ksi&#8230;<\/p>\n","protected":false},"author":9,"featured_media":0,"parent":0,"menu_order":0,"comment_status":"closed","ping_status":"closed","template":"","meta":{"_kad_blocks_custom_css":"","_kad_blocks_head_custom_js":"","_kad_blocks_body_custom_js":"","_kad_blocks_footer_custom_js":"","_kad_post_transparent":"","_kad_post_title":"","_kad_post_layout":"","_kad_post_sidebar_id":"","_kad_post_content_style":"","_kad_post_vertical_padding":"","_kad_post_feature":"","_kad_post_feature_position":"","_kad_post_header":false,"_kad_post_footer":false,"_kad_post_classname":"","footnotes":""},"class_list":["post-98","page","type-page","status-publish","hentry"],"yoast_head":"<!-- This site is optimized with the Yoast SEO plugin v26.8 - https:\/\/yoast.com\/product\/yoast-seo-wordpress\/ -->\n<title>Trail Tour Finland \u2013 TTF - Trail Tour Finland<\/title>\n<meta name=\"robots\" content=\"index, follow, max-snippet:-1, max-image-preview:large, max-video-preview:-1\" \/>\n<link rel=\"canonical\" href=\"https:\/\/trailtourfinland.fi\/fi\/trail-tour-finland\/\" \/>\n<meta property=\"og:locale\" content=\"fi_FI\" \/>\n<meta property=\"og:type\" content=\"article\" \/>\n<meta property=\"og:title\" content=\"Trail Tour Finland \u2013 TTF - Trail Tour Finland\" \/>\n<meta property=\"og:description\" content=\"Trail Tour Finland on kahdeksan upean suomalaisen polkujuoksukisan sarja, jonka yhteistulosten perusteella kruunataan vuosittain kauden suomalaiset polkujuoksusankarit. Yhteist\u00e4 kaikille osakisoille on haastavan urheilusuorituksen ja el\u00e4myksellisyyden yhdistelm\u00e4. Reitit kulkevat mahtavissa maisemissa kansallispuistoissa ja suosituilla ulkoilualueilla. Tapahtumat ovat my\u00f6s hyvi\u00e4 tilaisuuksia tutustua muihin harrastajiin. Samaa vauhtia etenevien kilpakumppanien kanssa ehtii jutustella jo juostessa, ja itse juoksusuorituksen lis\u00e4ksi...\" \/>\n<meta property=\"og:url\" content=\"https:\/\/trailtourfinland.fi\/fi\/trail-tour-finland\/\" \/>\n<meta property=\"og:site_name\" content=\"Trail Tour Finland\" \/>\n<meta property=\"article:modified_time\" content=\"2025-03-19T16:07:15+00:00\" \/>\n<meta name=\"twitter:card\" content=\"summary_large_image\" \/>\n<meta name=\"twitter:label1\" content=\"Arvioitu lukuaika\" \/>\n\t<meta name=\"twitter:data1\" content=\"1 minuutti\" \/>\n<script type=\"application\/ld+json\" class=\"yoast-schema-graph\">{\"@context\":\"https:\/\/schema.org\",\"@graph\":[{\"@type\":\"WebPage\",\"@id\":\"https:\/\/trailtourfinland.fi\/fi\/trail-tour-finland\/\",\"url\":\"https:\/\/trailtourfinland.fi\/fi\/trail-tour-finland\/\",\"name\":\"Trail Tour Finland \u2013 TTF - Trail Tour Finland\",\"isPartOf\":{\"@id\":\"https:\/\/trailtourfinland.fi\/fi\/#website\"},\"datePublished\":\"2023-03-30T06:41:22+00:00\",\"dateModified\":\"2025-03-19T16:07:15+00:00\",\"breadcrumb\":{\"@id\":\"https:\/\/trailtourfinland.fi\/fi\/trail-tour-finland\/#breadcrumb\"},\"inLanguage\":\"fi\",\"potentialAction\":[{\"@type\":\"ReadAction\",\"target\":[\"https:\/\/trailtourfinland.fi\/fi\/trail-tour-finland\/\"]}]},{\"@type\":\"BreadcrumbList\",\"@id\":\"https:\/\/trailtourfinland.fi\/fi\/trail-tour-finland\/#breadcrumb\",\"itemListElement\":[{\"@type\":\"ListItem\",\"position\":1,\"name\":\"Etusivu\",\"item\":\"https:\/\/trailtourfinland.fi\/fi\/\"},{\"@type\":\"ListItem\",\"position\":2,\"name\":\"Trail Tour Finland \u2013 TTF\"}]},{\"@type\":\"WebSite\",\"@id\":\"https:\/\/trailtourfinland.fi\/fi\/#website\",\"url\":\"https:\/\/trailtourfinland.fi\/fi\/\",\"name\":\"Trail Tour Finland\",\"description\":\"\",\"publisher\":{\"@id\":\"https:\/\/trailtourfinland.fi\/fi\/#organization\"},\"potentialAction\":[{\"@type\":\"SearchAction\",\"target\":{\"@type\":\"EntryPoint\",\"urlTemplate\":\"https:\/\/trailtourfinland.fi\/fi\/?s={search_term_string}\"},\"query-input\":{\"@type\":\"PropertyValueSpecification\",\"valueRequired\":true,\"valueName\":\"search_term_string\"}}],\"inLanguage\":\"fi\"},{\"@type\":\"Organization\",\"@id\":\"https:\/\/trailtourfinland.fi\/fi\/#organization\",\"name\":\"Trail Tour Finland\",\"url\":\"https:\/\/trailtourfinland.fi\/fi\/\",\"logo\":{\"@type\":\"ImageObject\",\"inLanguage\":\"fi\",\"@id\":\"https:\/\/trailtourfinland.fi\/fi\/#\/schema\/logo\/image\/\",\"url\":\"https:\/\/media.nuts.fi\/wp-content\/uploads\/sites\/11\/2025\/03\/15164622\/ttf-ympyra-vaalea.svg\",\"contentUrl\":\"https:\/\/media.nuts.fi\/wp-content\/uploads\/sites\/11\/2025\/03\/15164622\/ttf-ympyra-vaalea.svg\",\"caption\":\"Trail Tour Finland\"},\"image\":{\"@id\":\"https:\/\/trailtourfinland.fi\/fi\/#\/schema\/logo\/image\/\"}}]}<\/script>\n<!-- \/ Yoast SEO plugin. -->","yoast_head_json":{"title":"Trail Tour Finland \u2013 TTF - Trail Tour Finland","robots":{"index":"index","follow":"follow","max-snippet":"max-snippet:-1","max-image-preview":"max-image-preview:large","max-video-preview":"max-video-preview:-1"},"canonical":"https:\/\/trailtourfinland.fi\/fi\/trail-tour-finland\/","og_locale":"fi_FI","og_type":"article","og_title":"Trail Tour Finland \u2013 TTF - Trail Tour Finland","og_description":"Trail Tour Finland on kahdeksan upean suomalaisen polkujuoksukisan sarja, jonka yhteistulosten perusteella kruunataan vuosittain kauden suomalaiset polkujuoksusankarit. Yhteist\u00e4 kaikille osakisoille on haastavan urheilusuorituksen ja el\u00e4myksellisyyden yhdistelm\u00e4. Reitit kulkevat mahtavissa maisemissa kansallispuistoissa ja suosituilla ulkoilualueilla. Tapahtumat ovat my\u00f6s hyvi\u00e4 tilaisuuksia tutustua muihin harrastajiin. Samaa vauhtia etenevien kilpakumppanien kanssa ehtii jutustella jo juostessa, ja itse juoksusuorituksen lis\u00e4ksi...","og_url":"https:\/\/trailtourfinland.fi\/fi\/trail-tour-finland\/","og_site_name":"Trail Tour Finland","article_modified_time":"2025-03-19T16:07:15+00:00","twitter_card":"summary_large_image","twitter_misc":{"Arvioitu lukuaika":"1 minuutti"},"schema":{"@context":"https:\/\/schema.org","@graph":[{"@type":"WebPage","@id":"https:\/\/trailtourfinland.fi\/fi\/trail-tour-finland\/","url":"https:\/\/trailtourfinland.fi\/fi\/trail-tour-finland\/","name":"Trail Tour Finland \u2013 TTF - Trail Tour Finland","isPartOf":{"@id":"https:\/\/trailtourfinland.fi\/fi\/#website"},"datePublished":"2023-03-30T06:41:22+00:00","dateModified":"2025-03-19T16:07:15+00:00","breadcrumb":{"@id":"https:\/\/trailtourfinland.fi\/fi\/trail-tour-finland\/#breadcrumb"},"inLanguage":"fi","potentialAction":[{"@type":"ReadAction","target":["https:\/\/trailtourfinland.fi\/fi\/trail-tour-finland\/"]}]},{"@type":"BreadcrumbList","@id":"https:\/\/trailtourfinland.fi\/fi\/trail-tour-finland\/#breadcrumb","itemListElement":[{"@type":"ListItem","position":1,"name":"Etusivu","item":"https:\/\/trailtourfinland.fi\/fi\/"},{"@type":"ListItem","position":2,"name":"Trail Tour Finland \u2013 TTF"}]},{"@type":"WebSite","@id":"https:\/\/trailtourfinland.fi\/fi\/#website","url":"https:\/\/trailtourfinland.fi\/fi\/","name":"Trail Tour Finland","description":"","publisher":{"@id":"https:\/\/trailtourfinland.fi\/fi\/#organization"},"potentialAction":[{"@type":"SearchAction","target":{"@type":"EntryPoint","urlTemplate":"https:\/\/trailtourfinland.fi\/fi\/?s={search_term_string}"},"query-input":{"@type":"PropertyValueSpecification","valueRequired":true,"valueName":"search_term_string"}}],"inLanguage":"fi"},{"@type":"Organization","@id":"https:\/\/trailtourfinland.fi\/fi\/#organization","name":"Trail Tour Finland","url":"https:\/\/trailtourfinland.fi\/fi\/","logo":{"@type":"ImageObject","inLanguage":"fi","@id":"https:\/\/trailtourfinland.fi\/fi\/#\/schema\/logo\/image\/","url":"https:\/\/media.nuts.fi\/wp-content\/uploads\/sites\/11\/2025\/03\/15164622\/ttf-ympyra-vaalea.svg","contentUrl":"https:\/\/media.nuts.fi\/wp-content\/uploads\/sites\/11\/2025\/03\/15164622\/ttf-ympyra-vaalea.svg","caption":"Trail Tour Finland"},"image":{"@id":"https:\/\/trailtourfinland.fi\/fi\/#\/schema\/logo\/image\/"}}]}},"taxonomy_info":[],"featured_image_src_large":false,"author_info":{"display_name":"harri.jantunen","author_link":"https:\/\/trailtourfinland.fi\/fi\/author\/harri-jantunen\/"},"comment_info":0,"_links":{"self":[{"href":"https:\/\/trailtourfinland.fi\/fi\/wp-json\/wp\/v2\/pages\/98","targetHints":{"allow":["GET"]}}],"collection":[{"href":"https:\/\/trailtourfinland.fi\/fi\/wp-json\/wp\/v2\/pages"}],"about":[{"href":"https:\/\/trailtourfinland.fi\/fi\/wp-json\/wp\/v2\/types\/page"}],"author":[{"embeddable":true,"href":"https:\/\/trailtourfinland.fi\/fi\/wp-json\/wp\/v2\/users\/9"}],"replies":[{"embeddable":true,"href":"https:\/\/trailtourfinland.fi\/fi\/wp-json\/wp\/v2\/comments?post=98"}],"version-history":[{"count":2,"href":"https:\/\/trailtourfinland.fi\/fi\/wp-json\/wp\/v2\/pages\/98\/revisions"}],"predecessor-version":[{"id":534,"href":"https:\/\/trailtourfinland.fi\/fi\/wp-json\/wp\/v2\/pages\/98\/revisions\/534"}],"wp:attachment":[{"href":"https:\/\/trailtourfinland.fi\/fi\/wp-json\/wp\/v2\/media?parent=98"}],"curies":[{"name":"wp","href":"https:\/\/api.w.org\/{rel}","templated":true}]}}